{"id":175,"date":"2023-08-28T21:03:33","date_gmt":"2023-08-28T19:03:33","guid":{"rendered":"https:\/\/www.bitsrl.it\/wp\/?page_id=175"},"modified":"2024-01-16T11:30:26","modified_gmt":"2024-01-16T09:30:26","slug":"outsourcing","status":"publish","type":"page","link":"https:\/\/www.bitsrl.it\/wp\/?page_id=175","title":{"rendered":"Outsourcing"},"content":{"rendered":"<div class=\"\" style=\"\" >\n    \n    <section class=\"u-clearfix u-image u-shading u-section-2\" id=\"sec-b0bf\" data-image-width=\"1553\" data-image-height=\"1000\" style=\"background-image: linear-gradient(0deg, rgba(0, 0, 0, 0.5), rgba(0, 0, 0, 0.5)), url(&quot;https:\/\/www.bitsrl.it\/wp\/wp-content\/uploads\/2023\/08\/167-0.jpeg&quot;);\">\n      <div class=\"u-container-style u-group u-palette-2-base u-shape-rectangle u-group-1\">\n        <div class=\"u-container-layout u-valign-middle-lg u-valign-middle-md u-valign-middle-sm u-valign-middle-xl u-container-layout-1\">\n          <h2 class=\"u-align-right u-custom-font u-font-montserrat u-text u-text-default-lg u-text-default-md u-text-default-sm u-text-default-xl u-text-1\">\n            <span style=\"font-weight: 700;\"> Outsourcing<\/span>:<br> l\u2019esternalizzazione dei servizi\n          <\/h2>\n        <\/div>\n      <\/div>\n    <\/section>\n    <section class=\"u-align-center u-clearfix u-section-3\" id=\"carousel_de54\">\n      <div class=\"u-clearfix u-sheet u-valign-middle-sm u-valign-middle-xs u-sheet-1\">\n        <div class=\"data-layout-selected u-clearfix u-expanded-width u-gutter-10 u-layout-wrap u-layout-wrap-1\">\n          <div class=\"u-layout\">\n            <div class=\"u-layout-row\">\n              <div class=\"u-align-left u-container-style u-layout-cell u-size-29 u-layout-cell-1\">\n                <div class=\"u-container-layout u-container-layout-1\">\n                  <p class=\"u-custom-font u-font-montserrat u-text u-text-1\"> L\u2019outsourcing \u00e8 la strategia di <span style=\"font-weight: 600;\">assegnare ad una azienda esterna<\/span>\n                    <span style=\"font-weight: 600;\"><\/span> un processo <span style=\"font-weight: 600;\">necessario per il funzionamento<\/span> della propria attivit\u00e0, al posto di sviluppare questo processo internamente.\n                  <\/p>\n                  <p class=\"u-custom-font u-font-montserrat u-text u-text-2\"> Possiamo occuparci noi al vo\u200b\u200bstro posto di tutte le attivit\u00e0 inerenti all'Informatica e alle Telecomunicazioni.<\/p>\n                <\/div>\n              <\/div>\n              <div class=\"u-align-left u-container-style u-image u-layout-cell u-size-31 u-image-1\" data-image-width=\"626\" data-image-height=\"417\" style=\"background-image: url(&quot;https:\/\/www.bitsrl.it\/wp\/wp-content\/uploads\/2023\/10\/handshake-close-up-executives_1098-1384.jpg&quot;);\">\n                <div class=\"u-container-layout u-valign-bottom u-container-layout-2\"><\/div>\n              <\/div>\n            <\/div>\n          <\/div>\n        <\/div>\n      <\/div>\n    <\/section>\n    <section class=\"u-clearfix u-valign-bottom-sm u-valign-bottom-xs u-section-4\" id=\"carousel_79ad\">\n      <h3 class=\"u-align-center-xs u-custom-font u-font-montserrat u-text u-text-default u-text-1\">I vantaggi del Outsourcing <br>\n      <\/h3>\n      <div class=\"u-container-style u-expanded-width u-group u-palette-2-base u-shape-rectangle u-group-1\">\n        <div class=\"u-container-layout u-valign-bottom-xs u-container-layout-1\">\n          <div class=\"data-layout-selected u-clearfix u-gutter-20 u-layout-wrap u-layout-wrap-1\">\n            <div class=\"u-gutter-0 u-layout\">\n              <div class=\"u-layout-row\">\n                <div class=\"u-align-left u-container-align-center-sm u-container-style u-layout-cell u-palette-2-base u-shape-rectangle u-size-15 u-layout-cell-1\">\n                  <div class=\"u-container-layout u-valign-middle-md u-valign-middle-sm u-valign-top-xs u-container-layout-2\">\n                    <p class=\"u-align-center u-custom-font u-font-montserrat u-text u-text-default-xl u-text-2\"> Affidabilit\u00e0 e professionalit\u00e0 garantita.<br>\n                    <\/p>\n                  <\/div>\n                <\/div>\n                <div class=\"u-container-align-center-sm u-container-align-center-xs u-container-style u-layout-cell u-shape-rectangle u-size-15 u-white u-layout-cell-2\">\n                  <div class=\"u-container-layout u-valign-middle-md u-valign-middle-sm u-valign-middle-xs u-container-layout-3\">\n                    <p class=\"u-align-center u-custom-font u-font-montserrat u-text u-text-default u-text-3\"> Riduzione dei costi.<\/p>\n                  <\/div>\n                <\/div>\n                <div class=\"u-container-align-center-md u-container-align-center-sm u-container-align-center-xs u-container-style u-layout-cell u-palette-2-base u-shape-rectangle u-size-15 u-layout-cell-3\">\n                  <div class=\"u-container-layout u-valign-middle-lg u-valign-middle-md u-valign-middle-xl u-container-layout-4\">\n                    <p class=\"u-align-center u-custom-font u-font-montserrat u-text u-text-default u-text-4\"> Analisi del servizio e dei costi.<\/p>\n                  <\/div>\n                <\/div>\n                <div class=\"u-container-style u-layout-cell u-shape-rectangle u-size-15 u-white u-layout-cell-4\">\n                  <div class=\"u-container-layout u-valign-middle-md u-container-layout-5\">\n                    <p class=\"u-align-center u-custom-font u-font-montserrat u-text u-text-5\">Costante aggiornamento tecnologico.<\/p>\n                  <\/div>\n                <\/div>\n              <\/div>\n            <\/div>\n          <\/div>\n        <\/div>\n      <\/div>\n    <\/section>\n    <section class=\"u-clearfix u-palette-2-base u-section-5\" id=\"sec-239f\">\n      <div class=\"u-clearfix u-sheet u-sheet-1\">\n        <div class=\"data-layout-selected u-clearfix u-expanded-width u-gutter-0 u-layout-wrap u-layout-wrap-1\">\n          <div class=\"u-layout\">\n            <div class=\"u-layout-row\">\n              <div class=\"u-container-style u-layout-cell u-size-30 u-layout-cell-1\">\n                <div class=\"u-container-layout u-container-layout-1\">\n                  <h1 class=\"u-align-left u-custom-font u-font-montserrat u-text u-title u-text-1\">Come Contattarci:<br>\n                  <\/h1>\n                  <p class=\"u-custom-font u-font-montserrat u-text u-text-2\">Compila il modulo e premi INVIA. <br>Ti risponderemo il prima possibile.<br>\n                    <br>I campi con * sono obbligatori.<br>\n                  <\/p>\n                  <p class=\"u-custom-font u-font-montserrat u-text u-text-3\">Altrimenti:<br>\n                  <\/p>\n                  <div class=\"u-container-style u-expanded-width u-group u-shape-rectangle u-group-1\">\n                    <div class=\"u-container-layout u-container-layout-2\">\n                      <p class=\"u-custom-font u-font-montserrat u-text u-text-4\">\n                        <span style=\"font-weight: 700;\">Tel<\/span>:&nbsp; +39 0321 1591001<br>\n                      <\/p>\n                      <p class=\"u-custom-font u-font-montserrat u-text u-text-5\">\n                        <span style=\"font-weight: 700;\">PEC<\/span>:&nbsp; pec@pec.bitsrl.it<br>\n                      <\/p>\n                      <p class=\"u-custom-font u-font-montserrat u-text u-text-6\">\n                        <span style=\"font-weight: 700;\">Mail<\/span>:&nbsp; info@bitsrl.it<br>\n                      <\/p>\n                    <\/div>\n                  <\/div>\n                <\/div>\n              <\/div>\n              <div class=\"u-container-style u-layout-cell u-size-30 u-layout-cell-2\">\n                <div class=\"u-container-layout u-container-layout-3\">\n                  <div class=\"u-container-style u-expanded-width u-group u-opacity u-opacity-80 u-palette-2-base u-shape-rectangle u-group-2\">\n                    <div class=\"u-container-layout u-valign-top-lg u-valign-top-md u-valign-top-xl u-container-layout-4\">\n                      <div class=\"u-absolute-hcenter-sm u-absolute-hcenter-xs u-expanded u-form\">\n                        <form action=\"https:\/\/forms.nicepagesrv.com\/v2\/form\/process\" class=\"u-clearfix u-form-spacing-10 u-form-vertical u-inner-form\" source=\"email\" name=\"form\" style=\"padding: 10px;\">\n                          <div class=\"u-form-group u-form-name\">\n                            <label for=\"name-34cd\" class=\"u-custom-font u-font-montserrat u-label\">Azienda<\/label>\n                            <input type=\"text\" placeholder=\"Inserisci il nome dell'Azienda\" id=\"name-34cd\" name=\"azienda\" class=\"u-custom-font u-font-montserrat u-input u-input-rectangle\">\n                          <\/div>\n                          <div class=\"u-form-group u-form-name u-form-partition-factor-2 u-form-group-2\">\n                            <label for=\"name-e9e7\" class=\"u-custom-font u-font-montserrat u-label\">Nome *<\/label>\n                            <input type=\"text\" placeholder=\"Inserisci il tuo Nome\" id=\"name-e9e7\" name=\"nome\" class=\"u-custom-font u-font-montserrat u-input u-input-rectangle\" required=\"\">\n                          <\/div>\n                          <div class=\"u-form-group u-form-name u-form-partition-factor-2 u-form-group-3\">\n                            <label for=\"name-e9e7\" class=\"u-custom-font u-font-montserrat u-label\">Cognome *<\/label>\n                            <input type=\"text\" placeholder=\"Inserisci il tuo Cognome\" id=\"name-e9e7\" name=\"cognome\" class=\"u-custom-font u-font-montserrat u-input u-input-rectangle\" required=\"\">\n                          <\/div>\n                          <div class=\"u-form-email u-form-group u-form-group-4\">\n                            <label for=\"email-bb2c\" class=\"u-custom-font u-font-montserrat u-label\">Email *<\/label>\n                            <input type=\"email\" placeholder=\"Inserisci un indirizzo email valido\" id=\"email-bb2c\" name=\"email\" class=\"u-custom-font u-font-montserrat u-input u-input-rectangle\" required=\"\">\n                          <\/div>\n                          <div class=\"u-form-group u-form-phone u-form-group-5\">\n                            <label for=\"phone-48e1\" class=\"u-custom-font u-font-montserrat u-label\">Telefono<\/label>\n                            <input type=\"tel\" pattern=\"\\+\\d{0,2}[\\s\\(\\-]?([0-9]{3})[\\s\\)\\-]?([\\s\\-]?)([0-9]{3})[\\s\\-]?([0-9]{2})[\\s\\-]?([0-9]{2})\" placeholder=\"Inserisci il tuo numero (es. +3900000000)\" id=\"phone-48e1\" name=\"phone\" class=\"u-custom-font u-font-montserrat u-input u-input-rectangle\">\n                          <\/div>\n                          <div class=\"u-form-group u-form-message\">\n                            <label for=\"message-34cd\" class=\"u-custom-font u-font-montserrat u-label\">Messaggio *<\/label>\n                            <textarea placeholder=\"Inserisci il tuo messaggio\" rows=\"4\" cols=\"50\" id=\"message-34cd\" name=\"message\" class=\"u-custom-font u-font-montserrat u-input u-input-rectangle\" required=\"\"><\/textarea>\n                          <\/div>\n                          <div class=\"u-form-checkbox u-form-group u-form-group-7\">\n                            <input type=\"checkbox\" id=\"checkbox-e00b\" name=\"consenso\" value=\"Off\" class=\"u-field-input\" required=\"required\">\n                            <label for=\"checkbox-e00b\" class=\"u-custom-font u-field-label u-font-montserrat\">Consenso ART. 13 Regolamento UE n. 2016\/679 (GDPR) *<\/label>\n                          <\/div>\n                          <p class=\"u-custom-font u-font-montserrat u-form-group u-form-text u-text u-text-7\">\n                            <a class=\"u-btn u-button-link u-button-style u-text-palette-1-base u-btn-1\" data-href=\"https:\/\/\/\" href=\"https:\/\/www.bitsrl.it\/wp\/?page_id=487\">Informativa Privacy<br>\n                            <\/a>\n                          <\/p>\n                          <div class=\"u-align-right u-form-group u-form-submit\">\n                            <a href=\"#\" class=\"u-border-none u-btn u-btn-round u-btn-submit u-button-style u-custom-font u-font-montserrat u-palette-1-base u-radius-20 u-btn-2\">Invia<\/a>\n                            <input type=\"submit\" value=\"submit\" class=\"u-form-control-hidden\">\n                          <\/div>\n                          <div class=\"u-form-send-message u-form-send-success\"> Grazie! Il tuo messaggio \u00e8 stato inviato. <\/div>\n                          <div class=\"u-form-send-error u-form-send-message\"> Impossibile inviare il messaggio. Correggere gli errori e riprovare. <\/div>\n                          <input type=\"hidden\" value=\"\" name=\"recaptchaResponse\">\n                          <input type=\"hidden\" name=\"formServices\" value=\"1ae711c1-369e-bcf5-e5d1-4fbbb76b0d84\">\n                        <\/form>\n                      <\/div>\n                    <\/div>\n                  <\/div>\n                <\/div>\n              <\/div>\n            <\/div>\n          <\/div>\n        <\/div>\n      <\/div>\n    <\/section>\n    \n    \n    \n  \n<\/div>","protected":false},"excerpt":{"rendered":"<p>Outsourcing: l\u2019esternalizzazione dei servizi L\u2019outsourcing \u00e8 la strategia di assegnare ad una azienda esterna un processo necessario per il funzionamento della propria attivit\u00e0, al posto di sviluppare questo processo internamente. Possiamo occuparci noi al vo\u200b\u200bstro posto di tutte le attivit\u00e0 inerenti all&#8217;Informatica e alle Telecomunicazioni. I vantaggi del Outsourcing Affidabilit\u00e0 e professionalit\u00e0 garantita. Riduzione dei [&hellip;]<\/p>\n","protected":false},"author":1,"featured_media":0,"parent":0,"menu_order":0,"comment_status":"closed","ping_status":"closed","template":"","meta":{"footnotes":""},"class_list":["post-175","page","type-page","status-publish","hentry"],"aioseo_notices":[],"yoast_head":"<!-- This site is optimized with the Yoast SEO plugin v27.3 - https:\/\/yoast.com\/product\/yoast-seo-wordpress\/ -->\n<title>Outsourcing - B.I.T. SRL<\/title>\n<meta name=\"robots\" content=\"index, follow, max-snippet:-1, max-image-preview:large, max-video-preview:-1\" \/>\n<link rel=\"canonical\" href=\"https:\/\/www.bitsrl.it\/wp\/?page_id=175\" \/>\n<meta property=\"og:locale\" content=\"it_IT\" \/>\n<meta property=\"og:type\" content=\"article\" \/>\n<meta property=\"og:title\" content=\"Outsourcing - B.I.T. SRL\" \/>\n<meta property=\"og:description\" content=\"Outsourcing: l\u2019esternalizzazione dei servizi L\u2019outsourcing \u00e8 la strategia di assegnare ad una azienda esterna un processo necessario per il funzionamento della propria attivit\u00e0, al posto di sviluppare questo processo internamente. Possiamo occuparci noi al vo\u200b\u200bstro posto di tutte le attivit\u00e0 inerenti all&#039;Informatica e alle Telecomunicazioni. I vantaggi del Outsourcing Affidabilit\u00e0 e professionalit\u00e0 garantita. Riduzione dei [&hellip;]\" \/>\n<meta property=\"og:url\" content=\"https:\/\/www.bitsrl.it\/wp\/?page_id=175\" \/>\n<meta property=\"og:site_name\" content=\"B.I.T. SRL\" \/>\n<meta property=\"article:modified_time\" content=\"2024-01-16T09:30:26+00:00\" \/>\n<meta name=\"twitter:card\" content=\"summary_large_image\" \/>\n<meta name=\"twitter:label1\" content=\"Tempo di lettura stimato\" \/>\n\t<meta name=\"twitter:data1\" content=\"1 minuto\" \/>\n<script type=\"application\/ld+json\" class=\"yoast-schema-graph\">{\"@context\":\"https:\\\/\\\/schema.org\",\"@graph\":[{\"@type\":\"WebPage\",\"@id\":\"https:\\\/\\\/www.bitsrl.it\\\/wp\\\/?page_id=175\",\"url\":\"https:\\\/\\\/www.bitsrl.it\\\/wp\\\/?page_id=175\",\"name\":\"Outsourcing - B.I.T. SRL\",\"isPartOf\":{\"@id\":\"https:\\\/\\\/www.bitsrl.it\\\/wp\\\/#website\"},\"datePublished\":\"2023-08-28T19:03:33+00:00\",\"dateModified\":\"2024-01-16T09:30:26+00:00\",\"breadcrumb\":{\"@id\":\"https:\\\/\\\/www.bitsrl.it\\\/wp\\\/?page_id=175#breadcrumb\"},\"inLanguage\":\"it-IT\",\"potentialAction\":[{\"@type\":\"ReadAction\",\"target\":[\"https:\\\/\\\/www.bitsrl.it\\\/wp\\\/?page_id=175\"]}]},{\"@type\":\"BreadcrumbList\",\"@id\":\"https:\\\/\\\/www.bitsrl.it\\\/wp\\\/?page_id=175#breadcrumb\",\"itemListElement\":[{\"@type\":\"ListItem\",\"position\":1,\"name\":\"Home\",\"item\":\"https:\\\/\\\/www.bitsrl.it\\\/wp\\\/\"},{\"@type\":\"ListItem\",\"position\":2,\"name\":\"Outsourcing\"}]},{\"@type\":\"WebSite\",\"@id\":\"https:\\\/\\\/www.bitsrl.it\\\/wp\\\/#website\",\"url\":\"https:\\\/\\\/www.bitsrl.it\\\/wp\\\/\",\"name\":\"www.bitsrl.it\",\"description\":\"\",\"publisher\":{\"@id\":\"https:\\\/\\\/www.bitsrl.it\\\/wp\\\/#organization\"},\"potentialAction\":[{\"@type\":\"SearchAction\",\"target\":{\"@type\":\"EntryPoint\",\"urlTemplate\":\"https:\\\/\\\/www.bitsrl.it\\\/wp\\\/?s={search_term_string}\"},\"query-input\":{\"@type\":\"PropertyValueSpecification\",\"valueRequired\":true,\"valueName\":\"search_term_string\"}}],\"inLanguage\":\"it-IT\"},{\"@type\":\"Organization\",\"@id\":\"https:\\\/\\\/www.bitsrl.it\\\/wp\\\/#organization\",\"name\":\"B.I.T. srl\",\"url\":\"https:\\\/\\\/www.bitsrl.it\\\/wp\\\/\",\"logo\":{\"@type\":\"ImageObject\",\"inLanguage\":\"it-IT\",\"@id\":\"https:\\\/\\\/www.bitsrl.it\\\/wp\\\/#\\\/schema\\\/logo\\\/image\\\/\",\"url\":\"https:\\\/\\\/www.bitsrl.it\\\/wp\\\/wp-content\\\/uploads\\\/2023\\\/10\\\/BIT.png\",\"contentUrl\":\"https:\\\/\\\/www.bitsrl.it\\\/wp\\\/wp-content\\\/uploads\\\/2023\\\/10\\\/BIT.png\",\"width\":326,\"height\":147,\"caption\":\"B.I.T. srl\"},\"image\":{\"@id\":\"https:\\\/\\\/www.bitsrl.it\\\/wp\\\/#\\\/schema\\\/logo\\\/image\\\/\"}}]}<\/script>\n<!-- \/ Yoast SEO plugin. -->","yoast_head_json":{"title":"Outsourcing - B.I.T. SRL","robots":{"index":"index","follow":"follow","max-snippet":"max-snippet:-1","max-image-preview":"max-image-preview:large","max-video-preview":"max-video-preview:-1"},"canonical":"https:\/\/www.bitsrl.it\/wp\/?page_id=175","og_locale":"it_IT","og_type":"article","og_title":"Outsourcing - B.I.T. SRL","og_description":"Outsourcing: l\u2019esternalizzazione dei servizi L\u2019outsourcing \u00e8 la strategia di assegnare ad una azienda esterna un processo necessario per il funzionamento della propria attivit\u00e0, al posto di sviluppare questo processo internamente. Possiamo occuparci noi al vo\u200b\u200bstro posto di tutte le attivit\u00e0 inerenti all'Informatica e alle Telecomunicazioni. I vantaggi del Outsourcing Affidabilit\u00e0 e professionalit\u00e0 garantita. Riduzione dei [&hellip;]","og_url":"https:\/\/www.bitsrl.it\/wp\/?page_id=175","og_site_name":"B.I.T. SRL","article_modified_time":"2024-01-16T09:30:26+00:00","twitter_card":"summary_large_image","twitter_misc":{"Tempo di lettura stimato":"1 minuto"},"schema":{"@context":"https:\/\/schema.org","@graph":[{"@type":"WebPage","@id":"https:\/\/www.bitsrl.it\/wp\/?page_id=175","url":"https:\/\/www.bitsrl.it\/wp\/?page_id=175","name":"Outsourcing - B.I.T. SRL","isPartOf":{"@id":"https:\/\/www.bitsrl.it\/wp\/#website"},"datePublished":"2023-08-28T19:03:33+00:00","dateModified":"2024-01-16T09:30:26+00:00","breadcrumb":{"@id":"https:\/\/www.bitsrl.it\/wp\/?page_id=175#breadcrumb"},"inLanguage":"it-IT","potentialAction":[{"@type":"ReadAction","target":["https:\/\/www.bitsrl.it\/wp\/?page_id=175"]}]},{"@type":"BreadcrumbList","@id":"https:\/\/www.bitsrl.it\/wp\/?page_id=175#breadcrumb","itemListElement":[{"@type":"ListItem","position":1,"name":"Home","item":"https:\/\/www.bitsrl.it\/wp\/"},{"@type":"ListItem","position":2,"name":"Outsourcing"}]},{"@type":"WebSite","@id":"https:\/\/www.bitsrl.it\/wp\/#website","url":"https:\/\/www.bitsrl.it\/wp\/","name":"www.bitsrl.it","description":"","publisher":{"@id":"https:\/\/www.bitsrl.it\/wp\/#organization"},"potentialAction":[{"@type":"SearchAction","target":{"@type":"EntryPoint","urlTemplate":"https:\/\/www.bitsrl.it\/wp\/?s={search_term_string}"},"query-input":{"@type":"PropertyValueSpecification","valueRequired":true,"valueName":"search_term_string"}}],"inLanguage":"it-IT"},{"@type":"Organization","@id":"https:\/\/www.bitsrl.it\/wp\/#organization","name":"B.I.T. srl","url":"https:\/\/www.bitsrl.it\/wp\/","logo":{"@type":"ImageObject","inLanguage":"it-IT","@id":"https:\/\/www.bitsrl.it\/wp\/#\/schema\/logo\/image\/","url":"https:\/\/www.bitsrl.it\/wp\/wp-content\/uploads\/2023\/10\/BIT.png","contentUrl":"https:\/\/www.bitsrl.it\/wp\/wp-content\/uploads\/2023\/10\/BIT.png","width":326,"height":147,"caption":"B.I.T. srl"},"image":{"@id":"https:\/\/www.bitsrl.it\/wp\/#\/schema\/logo\/image\/"}}]}},"_links":{"self":[{"href":"https:\/\/www.bitsrl.it\/wp\/index.php?rest_route=\/wp\/v2\/pages\/175","targetHints":{"allow":["GET"]}}],"collection":[{"href":"https:\/\/www.bitsrl.it\/wp\/index.php?rest_route=\/wp\/v2\/pages"}],"about":[{"href":"https:\/\/www.bitsrl.it\/wp\/index.php?rest_route=\/wp\/v2\/types\/page"}],"author":[{"embeddable":true,"href":"https:\/\/www.bitsrl.it\/wp\/index.php?rest_route=\/wp\/v2\/users\/1"}],"replies":[{"embeddable":true,"href":"https:\/\/www.bitsrl.it\/wp\/index.php?rest_route=%2Fwp%2Fv2%2Fcomments&post=175"}],"version-history":[{"count":14,"href":"https:\/\/www.bitsrl.it\/wp\/index.php?rest_route=\/wp\/v2\/pages\/175\/revisions"}],"predecessor-version":[{"id":564,"href":"https:\/\/www.bitsrl.it\/wp\/index.php?rest_route=\/wp\/v2\/pages\/175\/revisions\/564"}],"wp:attachment":[{"href":"https:\/\/www.bitsrl.it\/wp\/index.php?rest_route=%2Fwp%2Fv2%2Fmedia&parent=175"}],"curies":[{"name":"wp","href":"https:\/\/api.w.org\/{rel}","templated":true}]}}