{"id":171,"date":"2023-08-28T20:12:00","date_gmt":"2023-08-28T18:12:00","guid":{"rendered":"https:\/\/www.bitsrl.it\/wp\/?page_id=171"},"modified":"2024-01-16T11:24:46","modified_gmt":"2024-01-16T09:24:46","slug":"server","status":"publish","type":"page","link":"https:\/\/www.bitsrl.it\/wp\/?page_id=171","title":{"rendered":"Server"},"content":{"rendered":"<div class=\"\" style=\"\" >\n    \n    <section class=\"u-align-center u-clearfix u-valign-middle-md u-section-2\" id=\"carousel_6fcf\">\n      <div class=\"u-expanded-width u-palette-2-base u-shape u-shape-rectangle u-shape-1\"><\/div>\n      <h2 class=\"u-align-left u-custom-font u-font-montserrat u-text u-text-body-alt-color u-text-1\">\n        <span style=\"font-weight: 700;\">Assistenza Sistemistica<\/span>: cos'\u00e8 e perch\u00e8 \u00e8 <span style=\"font-style: italic;\">essenziale<\/span>?<br>\n      <\/h2>\n      <div class=\"u-shape u-shape-circle u-white u-shape-2\"><\/div>\n      <img decoding=\"async\" class=\"u-image u-image-default u-image-1\" data-image-width=\"1280\" data-image-height=\"876\" src=\"https:\/\/www.bitsrl.it\/wp\/wp-content\/uploads\/2023\/08\/f2a9a33450e8c80dd8b43c5892b8d9d2f5d23df91a578e215ef4a9aa6b9967aa51445da1eec3f3b241cd48942c2ab4251514f144af981e790a3050_1280.jpg\">\n      <div class=\"u-align-left u-container-style u-group u-white u-group-1\">\n        <div class=\"u-container-layout u-container-layout-1\">\n          <h2 class=\"u-align-left u-custom-font u-font-montserrat u-text u-text-2\">Consiste in tutte le attivit\u00e0 che riguardano la <span style=\"font-weight: 700; font-style: italic;\">manutenzione<\/span> ed il <span style=\"font-style: italic; font-weight: 700;\">corretto andamento<\/span> dei sistemi inform\u200batici sia hardwar\u200be sia software. <br>\n          <\/h2>\n          <p class=\"u-align-left u-custom-font u-font-montserrat u-text u-text-3\"> Il suo compito \u00e8 quello di <span style=\"font-weight: 700;\">controllare<\/span>, <b>mantenere<\/b>, <b>gestire<\/b> ed <b>aggiornare<\/b> i sistemi.\n          <\/p>\n        <\/div>\n      <\/div>\n    <\/section>\n    <section class=\"u-align-left u-clearfix u-container-align-center u-palette-2-base u-valign-top-md u-section-3\" id=\"carousel_702a\">\n      <div class=\"u-align-center u-container-style u-expanded-width u-group u-white u-group-1\">\n        <div class=\"u-container-layout u-valign-top-xl u-container-layout-1\">\n          <h2 class=\"u-align-center u-custom-font u-font-montserrat u-text u-text-default u-text-1\"> E\u2019 <span style=\"font-weight: 700;\">sempre pi\u00f9 importante<\/span> per le aziende e le strutture avere un\u2019infrastruttura di <span style=\"font-weight: 700;\">rete efficiente e sicura<\/span>. \n          <\/h2>\n        <\/div>\n      <\/div>\n      <div class=\"u-list u-list-1\">\n        <div class=\"u-repeater u-repeater-1\">\n          <div class=\"u-align-center u-container-style u-custom-item u-image u-list-item u-repeater-item u-shading u-shape-rectangle u-image-1\" data-image-width=\"1280\" data-image-height=\"837\" style=\"background-image: linear-gradient(0deg, rgba(0, 0, 0, 0.75), rgba(0, 0, 0, 0.75)), url(&quot;https:\/\/www.bitsrl.it\/wp\/wp-content\/uploads\/2023\/08\/0da6826f0fc3955f10fa90feac90bffd7c4cea2c0281e47a582379de4c2fafa892f52896176e613f06ab157340065bed8007cc3093368a9cba349e_1280.jpg&quot;);\">\n            <div class=\"u-container-layout u-similar-container u-container-layout-2\">\n              <h5 class=\"u-align-center u-custom-font u-font-montserrat u-text u-text-default u-text-2\">maggiore sicurezza<br>\n              <\/h5>\n              <p class=\"u-align-center u-custom-font u-font-montserrat u-text u-text-default u-text-3\">Ti aiuteremo a migliorare la sicurezza dei tuoi sistemi IT, monitorando le tue infrastrutture e attuando procedure tecniche.<br>\n              <\/p>\n            <\/div>\n          <\/div>\n          <div class=\"u-align-center u-container-style u-custom-item u-image u-list-item u-repeater-item u-shading u-image-2\" data-image-width=\"1200\" data-image-height=\"1048\" style=\"background-image: linear-gradient(0deg, rgba(0, 0, 0, 0.75), rgba(0, 0, 0, 0.75)), url(&quot;https:\/\/www.bitsrl.it\/wp\/wp-content\/uploads\/2023\/10\/min-1.jpg&quot;);\">\n            <div class=\"u-container-layout u-similar-container u-container-layout-3\">\n              <h5 class=\"u-align-center u-custom-font u-font-montserrat u-text u-text-default u-text-4\">maggiore affidabilit\u00e0<br>\n              <\/h5>\n              <p class=\"u-align-center u-custom-font u-font-montserrat u-text u-text-default u-text-5\">Il nostro compito \u00e8 identificare e risolvere i problemi rapidamente, mantenendo i tuoi sistemi aggiornati per prevenire attacchi.<br>\n              <\/p>\n            <\/div>\n          <\/div>\n          <div class=\"u-align-center u-container-style u-custom-item u-image u-list-item u-repeater-item u-shading u-image-3\" data-image-width=\"1280\" data-image-height=\"771\" style=\"background-image: linear-gradient(0deg, rgba(0, 0, 0, 0.75), rgba(0, 0, 0, 0.75)), url(&quot;https:\/\/www.bitsrl.it\/wp\/wp-content\/uploads\/2023\/08\/6dd6a79c9a2da71425e9f5a646bb76e908867f11389871a475db1b8ab4fc8851fb671f56200df26400bcfe403f3629caf1b104d978d9c2c35ba554_1280.jpg&quot;);\">\n            <div class=\"u-container-layout u-similar-container u-container-layout-4\">\n              <h5 class=\"u-align-center u-custom-font u-font-montserrat u-text u-text-default u-text-6\">maggiore produttivit\u00e0<br>\n              <\/h5>\n              <p class=\"u-align-center u-custom-font u-font-montserrat u-text u-text-default u-text-7\"> Quando i sistemi IT funzionano correttamente, i dipendenti possono essere pi\u00f9 produttivi evitando cos\u00ec costosi tempi di inattivit\u00e0.<\/p>\n            <\/div>\n          <\/div>\n        <\/div>\n      <\/div>\n    <\/section>\n    <section class=\"u-clearfix u-palette-2-base u-section-4\" id=\"sec-1ff1\">\n      <div class=\"u-clearfix u-sheet u-sheet-1\">\n        <div class=\"data-layout-selected u-clearfix u-expanded-width u-gutter-0 u-layout-wrap u-layout-wrap-1\">\n          <div class=\"u-layout\">\n            <div class=\"u-layout-row\">\n              <div class=\"u-container-style u-layout-cell u-size-30 u-layout-cell-1\">\n                <div class=\"u-container-layout u-container-layout-1\">\n                  <h1 class=\"u-align-left u-custom-font u-font-montserrat u-text u-title u-text-1\">Come Contattarci:<br>\n                  <\/h1>\n                  <p class=\"u-custom-font u-font-montserrat u-text u-text-2\">Compila il modulo e premi INVIA. <br>Ti risponderemo il prima possibile.<br>\n                    <br>I campi con * sono obbligatori.<br>\n                  <\/p>\n                  <p class=\"u-custom-font u-font-montserrat u-text u-text-3\">Altrimenti:<br>\n                  <\/p>\n                  <div class=\"u-container-style u-expanded-width u-group u-shape-rectangle u-group-1\">\n                    <div class=\"u-container-layout u-container-layout-2\">\n                      <p class=\"u-custom-font u-font-montserrat u-text u-text-4\">\n                        <span style=\"font-weight: 700;\">Tel<\/span>:&nbsp; +39 0321 1591001<br>\n                      <\/p>\n                      <p class=\"u-custom-font u-font-montserrat u-text u-text-5\">\n                        <span style=\"font-weight: 700;\">PEC<\/span>:&nbsp; pec@pec.bitsrl.it<br>\n                      <\/p>\n                      <p class=\"u-custom-font u-font-montserrat u-text u-text-6\">\n                        <span style=\"font-weight: 700;\">Mail<\/span>:&nbsp; info@bitsrl.it<br>\n                      <\/p>\n                    <\/div>\n                  <\/div>\n                <\/div>\n              <\/div>\n              <div class=\"u-container-style u-layout-cell u-size-30 u-layout-cell-2\">\n                <div class=\"u-container-layout u-container-layout-3\">\n                  <div class=\"u-container-style u-expanded-width u-group u-opacity u-opacity-80 u-palette-2-base u-shape-rectangle u-group-2\">\n                    <div class=\"u-container-layout u-valign-top-lg u-valign-top-md u-valign-top-xl u-container-layout-4\">\n                      <div class=\"u-absolute-hcenter-sm u-absolute-hcenter-xs u-expanded u-form\">\n                        <form action=\"https:\/\/forms.nicepagesrv.com\/v2\/form\/process\" class=\"u-clearfix u-form-spacing-10 u-form-vertical u-inner-form\" source=\"email\" name=\"form\" style=\"padding: 10px;\">\n                          <div class=\"u-form-group u-form-name\">\n                            <label for=\"name-34cd\" class=\"u-custom-font u-font-montserrat u-label\">Azienda<\/label>\n                            <input type=\"text\" placeholder=\"Inserisci il nome dell'Azienda\" id=\"name-34cd\" name=\"azienda\" class=\"u-custom-font u-font-montserrat u-input u-input-rectangle\">\n                          <\/div>\n                          <div class=\"u-form-group u-form-name u-form-partition-factor-2 u-form-group-2\">\n                            <label for=\"name-e9e7\" class=\"u-custom-font u-font-montserrat u-label\">Nome *<\/label>\n                            <input type=\"text\" placeholder=\"Inserisci il tuo Nome\" id=\"name-e9e7\" name=\"nome\" class=\"u-custom-font u-font-montserrat u-input u-input-rectangle\" required=\"\">\n                          <\/div>\n                          <div class=\"u-form-group u-form-name u-form-partition-factor-2 u-form-group-3\">\n                            <label for=\"name-e9e7\" class=\"u-custom-font u-font-montserrat u-label\">Cognome *<\/label>\n                            <input type=\"text\" placeholder=\"Inserisci il tuo Cognome\" id=\"name-e9e7\" name=\"cognome\" class=\"u-custom-font u-font-montserrat u-input u-input-rectangle\" required=\"\">\n                          <\/div>\n                          <div class=\"u-form-email u-form-group u-form-group-4\">\n                            <label for=\"email-bb2c\" class=\"u-custom-font u-font-montserrat u-label\">Email *<\/label>\n                            <input type=\"email\" placeholder=\"Inserisci un indirizzo email valido\" id=\"email-bb2c\" name=\"email\" class=\"u-custom-font u-font-montserrat u-input u-input-rectangle\" required=\"\">\n                          <\/div>\n                          <div class=\"u-form-group u-form-phone u-form-group-5\">\n                            <label for=\"phone-48e1\" class=\"u-custom-font u-font-montserrat u-label\">Telefono<\/label>\n                            <input type=\"tel\" pattern=\"\\+\\d{0,2}[\\s\\(\\-]?([0-9]{3})[\\s\\)\\-]?([\\s\\-]?)([0-9]{3})[\\s\\-]?([0-9]{2})[\\s\\-]?([0-9]{2})\" placeholder=\"Inserisci il tuo numero (es. +3900000000)\" id=\"phone-48e1\" name=\"phone\" class=\"u-custom-font u-font-montserrat u-input u-input-rectangle\">\n                          <\/div>\n                          <div class=\"u-form-group u-form-message\">\n                            <label for=\"message-34cd\" class=\"u-custom-font u-font-montserrat u-label\">Messaggio *<\/label>\n                            <textarea placeholder=\"Inserisci il tuo messaggio\" rows=\"4\" cols=\"50\" id=\"message-34cd\" name=\"message\" class=\"u-custom-font u-font-montserrat u-input u-input-rectangle\" required=\"\"><\/textarea>\n                          <\/div>\n                          <div class=\"u-form-checkbox u-form-group u-form-group-7\">\n                            <input type=\"checkbox\" id=\"checkbox-e00b\" name=\"consenso\" value=\"Off\" class=\"u-field-input\" required=\"required\">\n                            <label for=\"checkbox-e00b\" class=\"u-custom-font u-field-label u-font-montserrat\">Consenso ART. 13 Regolamento UE n. 2016\/679 (GDPR) *<\/label>\n                          <\/div>\n                          <p class=\"u-custom-font u-font-montserrat u-form-group u-form-text u-text u-text-7\">\n                            <a class=\"u-btn u-button-link u-button-style u-text-palette-1-base u-btn-1\" data-href=\"https:\/\/\/\" href=\"https:\/\/www.bitsrl.it\/wp\/?page_id=487\">Informativa Privacy<br>\n                            <\/a>\n                          <\/p>\n                          <div class=\"u-align-right u-form-group u-form-submit\">\n                            <a href=\"#\" class=\"u-border-none u-btn u-btn-round u-btn-submit u-button-style u-custom-font u-font-montserrat u-palette-1-base u-radius-20 u-btn-2\">Invia<\/a>\n                            <input type=\"submit\" value=\"submit\" class=\"u-form-control-hidden\">\n                          <\/div>\n                          <div class=\"u-form-send-message u-form-send-success\"> Grazie! Il tuo messaggio \u00e8 stato inviato. <\/div>\n                          <div class=\"u-form-send-error u-form-send-message\"> Impossibile inviare il messaggio. Correggere gli errori e riprovare. <\/div>\n                          <input type=\"hidden\" value=\"\" name=\"recaptchaResponse\">\n                          <input type=\"hidden\" name=\"formServices\" value=\"1ae711c1-369e-bcf5-e5d1-4fbbb76b0d84\">\n                        <\/form>\n                      <\/div>\n                    <\/div>\n                  <\/div>\n                <\/div>\n              <\/div>\n            <\/div>\n          <\/div>\n        <\/div>\n      <\/div>\n    <\/section>\n    \n    \n    \n  \n<\/div>","protected":false},"excerpt":{"rendered":"<p>Assistenza Sistemistica: cos&#8217;\u00e8 e perch\u00e8 \u00e8 essenziale? Consiste in tutte le attivit\u00e0 che riguardano la manutenzione ed il corretto andamento dei sistemi inform\u200batici sia hardwar\u200be sia software. Il suo compito \u00e8 quello di controllare, mantenere, gestire ed aggiornare i sistemi. E\u2019 sempre pi\u00f9 importante per le aziende e le strutture avere un\u2019infrastruttura di rete efficiente [&hellip;]<\/p>\n","protected":false},"author":1,"featured_media":0,"parent":0,"menu_order":0,"comment_status":"closed","ping_status":"closed","template":"","meta":{"footnotes":""},"class_list":["post-171","page","type-page","status-publish","hentry"],"aioseo_notices":[],"yoast_head":"<!-- This site is optimized with the Yoast SEO plugin v27.3 - https:\/\/yoast.com\/product\/yoast-seo-wordpress\/ -->\n<title>Server - B.I.T. SRL<\/title>\n<meta name=\"robots\" content=\"index, follow, max-snippet:-1, max-image-preview:large, max-video-preview:-1\" \/>\n<link rel=\"canonical\" href=\"https:\/\/www.bitsrl.it\/wp\/?page_id=171\" \/>\n<meta property=\"og:locale\" content=\"it_IT\" \/>\n<meta property=\"og:type\" content=\"article\" \/>\n<meta property=\"og:title\" content=\"Server - B.I.T. SRL\" \/>\n<meta property=\"og:description\" content=\"Assistenza Sistemistica: cos&#039;\u00e8 e perch\u00e8 \u00e8 essenziale? Consiste in tutte le attivit\u00e0 che riguardano la manutenzione ed il corretto andamento dei sistemi inform\u200batici sia hardwar\u200be sia software. Il suo compito \u00e8 quello di controllare, mantenere, gestire ed aggiornare i sistemi. E\u2019 sempre pi\u00f9 importante per le aziende e le strutture avere un\u2019infrastruttura di rete efficiente [&hellip;]\" \/>\n<meta property=\"og:url\" content=\"https:\/\/www.bitsrl.it\/wp\/?page_id=171\" \/>\n<meta property=\"og:site_name\" content=\"B.I.T. SRL\" \/>\n<meta property=\"article:modified_time\" content=\"2024-01-16T09:24:46+00:00\" \/>\n<meta name=\"twitter:card\" content=\"summary_large_image\" \/>\n<script type=\"application\/ld+json\" class=\"yoast-schema-graph\">{\"@context\":\"https:\\\/\\\/schema.org\",\"@graph\":[{\"@type\":\"WebPage\",\"@id\":\"https:\\\/\\\/www.bitsrl.it\\\/wp\\\/?page_id=171\",\"url\":\"https:\\\/\\\/www.bitsrl.it\\\/wp\\\/?page_id=171\",\"name\":\"Server - B.I.T. SRL\",\"isPartOf\":{\"@id\":\"https:\\\/\\\/www.bitsrl.it\\\/wp\\\/#website\"},\"datePublished\":\"2023-08-28T18:12:00+00:00\",\"dateModified\":\"2024-01-16T09:24:46+00:00\",\"breadcrumb\":{\"@id\":\"https:\\\/\\\/www.bitsrl.it\\\/wp\\\/?page_id=171#breadcrumb\"},\"inLanguage\":\"it-IT\",\"potentialAction\":[{\"@type\":\"ReadAction\",\"target\":[\"https:\\\/\\\/www.bitsrl.it\\\/wp\\\/?page_id=171\"]}]},{\"@type\":\"BreadcrumbList\",\"@id\":\"https:\\\/\\\/www.bitsrl.it\\\/wp\\\/?page_id=171#breadcrumb\",\"itemListElement\":[{\"@type\":\"ListItem\",\"position\":1,\"name\":\"Home\",\"item\":\"https:\\\/\\\/www.bitsrl.it\\\/wp\\\/\"},{\"@type\":\"ListItem\",\"position\":2,\"name\":\"Server\"}]},{\"@type\":\"WebSite\",\"@id\":\"https:\\\/\\\/www.bitsrl.it\\\/wp\\\/#website\",\"url\":\"https:\\\/\\\/www.bitsrl.it\\\/wp\\\/\",\"name\":\"www.bitsrl.it\",\"description\":\"\",\"publisher\":{\"@id\":\"https:\\\/\\\/www.bitsrl.it\\\/wp\\\/#organization\"},\"potentialAction\":[{\"@type\":\"SearchAction\",\"target\":{\"@type\":\"EntryPoint\",\"urlTemplate\":\"https:\\\/\\\/www.bitsrl.it\\\/wp\\\/?s={search_term_string}\"},\"query-input\":{\"@type\":\"PropertyValueSpecification\",\"valueRequired\":true,\"valueName\":\"search_term_string\"}}],\"inLanguage\":\"it-IT\"},{\"@type\":\"Organization\",\"@id\":\"https:\\\/\\\/www.bitsrl.it\\\/wp\\\/#organization\",\"name\":\"B.I.T. srl\",\"url\":\"https:\\\/\\\/www.bitsrl.it\\\/wp\\\/\",\"logo\":{\"@type\":\"ImageObject\",\"inLanguage\":\"it-IT\",\"@id\":\"https:\\\/\\\/www.bitsrl.it\\\/wp\\\/#\\\/schema\\\/logo\\\/image\\\/\",\"url\":\"https:\\\/\\\/www.bitsrl.it\\\/wp\\\/wp-content\\\/uploads\\\/2023\\\/10\\\/BIT.png\",\"contentUrl\":\"https:\\\/\\\/www.bitsrl.it\\\/wp\\\/wp-content\\\/uploads\\\/2023\\\/10\\\/BIT.png\",\"width\":326,\"height\":147,\"caption\":\"B.I.T. srl\"},\"image\":{\"@id\":\"https:\\\/\\\/www.bitsrl.it\\\/wp\\\/#\\\/schema\\\/logo\\\/image\\\/\"}}]}<\/script>\n<!-- \/ Yoast SEO plugin. -->","yoast_head_json":{"title":"Server - B.I.T. SRL","robots":{"index":"index","follow":"follow","max-snippet":"max-snippet:-1","max-image-preview":"max-image-preview:large","max-video-preview":"max-video-preview:-1"},"canonical":"https:\/\/www.bitsrl.it\/wp\/?page_id=171","og_locale":"it_IT","og_type":"article","og_title":"Server - B.I.T. SRL","og_description":"Assistenza Sistemistica: cos'\u00e8 e perch\u00e8 \u00e8 essenziale? Consiste in tutte le attivit\u00e0 che riguardano la manutenzione ed il corretto andamento dei sistemi inform\u200batici sia hardwar\u200be sia software. Il suo compito \u00e8 quello di controllare, mantenere, gestire ed aggiornare i sistemi. E\u2019 sempre pi\u00f9 importante per le aziende e le strutture avere un\u2019infrastruttura di rete efficiente [&hellip;]","og_url":"https:\/\/www.bitsrl.it\/wp\/?page_id=171","og_site_name":"B.I.T. SRL","article_modified_time":"2024-01-16T09:24:46+00:00","twitter_card":"summary_large_image","schema":{"@context":"https:\/\/schema.org","@graph":[{"@type":"WebPage","@id":"https:\/\/www.bitsrl.it\/wp\/?page_id=171","url":"https:\/\/www.bitsrl.it\/wp\/?page_id=171","name":"Server - B.I.T. SRL","isPartOf":{"@id":"https:\/\/www.bitsrl.it\/wp\/#website"},"datePublished":"2023-08-28T18:12:00+00:00","dateModified":"2024-01-16T09:24:46+00:00","breadcrumb":{"@id":"https:\/\/www.bitsrl.it\/wp\/?page_id=171#breadcrumb"},"inLanguage":"it-IT","potentialAction":[{"@type":"ReadAction","target":["https:\/\/www.bitsrl.it\/wp\/?page_id=171"]}]},{"@type":"BreadcrumbList","@id":"https:\/\/www.bitsrl.it\/wp\/?page_id=171#breadcrumb","itemListElement":[{"@type":"ListItem","position":1,"name":"Home","item":"https:\/\/www.bitsrl.it\/wp\/"},{"@type":"ListItem","position":2,"name":"Server"}]},{"@type":"WebSite","@id":"https:\/\/www.bitsrl.it\/wp\/#website","url":"https:\/\/www.bitsrl.it\/wp\/","name":"www.bitsrl.it","description":"","publisher":{"@id":"https:\/\/www.bitsrl.it\/wp\/#organization"},"potentialAction":[{"@type":"SearchAction","target":{"@type":"EntryPoint","urlTemplate":"https:\/\/www.bitsrl.it\/wp\/?s={search_term_string}"},"query-input":{"@type":"PropertyValueSpecification","valueRequired":true,"valueName":"search_term_string"}}],"inLanguage":"it-IT"},{"@type":"Organization","@id":"https:\/\/www.bitsrl.it\/wp\/#organization","name":"B.I.T. srl","url":"https:\/\/www.bitsrl.it\/wp\/","logo":{"@type":"ImageObject","inLanguage":"it-IT","@id":"https:\/\/www.bitsrl.it\/wp\/#\/schema\/logo\/image\/","url":"https:\/\/www.bitsrl.it\/wp\/wp-content\/uploads\/2023\/10\/BIT.png","contentUrl":"https:\/\/www.bitsrl.it\/wp\/wp-content\/uploads\/2023\/10\/BIT.png","width":326,"height":147,"caption":"B.I.T. srl"},"image":{"@id":"https:\/\/www.bitsrl.it\/wp\/#\/schema\/logo\/image\/"}}]}},"_links":{"self":[{"href":"https:\/\/www.bitsrl.it\/wp\/index.php?rest_route=\/wp\/v2\/pages\/171","targetHints":{"allow":["GET"]}}],"collection":[{"href":"https:\/\/www.bitsrl.it\/wp\/index.php?rest_route=\/wp\/v2\/pages"}],"about":[{"href":"https:\/\/www.bitsrl.it\/wp\/index.php?rest_route=\/wp\/v2\/types\/page"}],"author":[{"embeddable":true,"href":"https:\/\/www.bitsrl.it\/wp\/index.php?rest_route=\/wp\/v2\/users\/1"}],"replies":[{"embeddable":true,"href":"https:\/\/www.bitsrl.it\/wp\/index.php?rest_route=%2Fwp%2Fv2%2Fcomments&post=171"}],"version-history":[{"count":5,"href":"https:\/\/www.bitsrl.it\/wp\/index.php?rest_route=\/wp\/v2\/pages\/171\/revisions"}],"predecessor-version":[{"id":483,"href":"https:\/\/www.bitsrl.it\/wp\/index.php?rest_route=\/wp\/v2\/pages\/171\/revisions\/483"}],"wp:attachment":[{"href":"https:\/\/www.bitsrl.it\/wp\/index.php?rest_route=%2Fwp%2Fv2%2Fmedia&parent=171"}],"curies":[{"name":"wp","href":"https:\/\/api.w.org\/{rel}","templated":true}]}}